{"id":236,"date":"2022-09-25T14:20:13","date_gmt":"2022-09-25T17:20:13","guid":{"rendered":"https:\/\/viajaresmagico.com\/?page_id=236"},"modified":"2022-10-18T22:21:54","modified_gmt":"2022-10-19T01:21:54","slug":"inicio","status":"publish","type":"page","link":"https:\/\/viajaresmagico.com\/","title":{"rendered":"Inicio"},"content":{"rendered":"\n<hr class=\"wp-block-separator alignwide has-text-color has-ast-global-color-5-color has-alpha-channel-opacity has-ast-global-color-5-background-color has-background is-style-wide\"\/>\n\n\n\n<div class=\"wp-block-columns is-layout-flex wp-container-core-columns-is-layout-28f84493 wp-block-columns-is-layout-flex\">\n<div class=\"wp-block-column is-layout-flow wp-block-column-is-layout-flow\">\n<figure class=\"wp-block-image aligncenter size-large\"><img loading=\"lazy\" decoding=\"async\" width=\"819\" height=\"1024\" src=\"https:\/\/viajaresmagico.com\/wp-content\/uploads\/2022\/09\/WhatsApp-Image-2022-09-23-at-14.43.55-819x1024.jpeg\" alt=\"\" class=\"wp-image-280\" srcset=\"https:\/\/viajaresmagico.com\/wp-content\/uploads\/2022\/09\/WhatsApp-Image-2022-09-23-at-14.43.55-819x1024.jpeg 819w, https:\/\/viajaresmagico.com\/wp-content\/uploads\/2022\/09\/WhatsApp-Image-2022-09-23-at-14.43.55-240x300.jpeg 240w, https:\/\/viajaresmagico.com\/wp-content\/uploads\/2022\/09\/WhatsApp-Image-2022-09-23-at-14.43.55-768x960.jpeg 768w, https:\/\/viajaresmagico.com\/wp-content\/uploads\/2022\/09\/WhatsApp-Image-2022-09-23-at-14.43.55-1229x1536.jpeg 1229w, https:\/\/viajaresmagico.com\/wp-content\/uploads\/2022\/09\/WhatsApp-Image-2022-09-23-at-14.43.55.jpeg 1280w\" sizes=\"auto, (max-width: 819px) 100vw, 819px\" \/><\/figure>\n<\/div>\n\n\n\n<div class=\"wp-block-column is-layout-flow wp-block-column-is-layout-flow\">\n<figure class=\"wp-block-image aligncenter size-full\"><img loading=\"lazy\" decoding=\"async\" width=\"819\" height=\"1024\" src=\"https:\/\/viajaresmagico.com\/wp-content\/uploads\/2022\/09\/WhatsApp-Image-2022-09-23-at-14.45.18.jpeg\" alt=\"\" class=\"wp-image-278\" srcset=\"https:\/\/viajaresmagico.com\/wp-content\/uploads\/2022\/09\/WhatsApp-Image-2022-09-23-at-14.45.18.jpeg 819w, https:\/\/viajaresmagico.com\/wp-content\/uploads\/2022\/09\/WhatsApp-Image-2022-09-23-at-14.45.18-240x300.jpeg 240w, https:\/\/viajaresmagico.com\/wp-content\/uploads\/2022\/09\/WhatsApp-Image-2022-09-23-at-14.45.18-768x960.jpeg 768w\" sizes=\"auto, (max-width: 819px) 100vw, 819px\" \/><\/figure>\n<\/div>\n\n\n\n<div class=\"wp-block-column is-layout-flow wp-block-column-is-layout-flow\">\n<figure class=\"wp-block-image aligncenter size-large\"><img loading=\"lazy\" decoding=\"async\" width=\"819\" height=\"1024\" src=\"https:\/\/viajaresmagico.com\/wp-content\/uploads\/2022\/09\/WhatsApp-Image-2022-09-23-at-14.44.33-819x1024.jpeg\" alt=\"\" class=\"wp-image-279\" srcset=\"https:\/\/viajaresmagico.com\/wp-content\/uploads\/2022\/09\/WhatsApp-Image-2022-09-23-at-14.44.33-819x1024.jpeg 819w, https:\/\/viajaresmagico.com\/wp-content\/uploads\/2022\/09\/WhatsApp-Image-2022-09-23-at-14.44.33-240x300.jpeg 240w, https:\/\/viajaresmagico.com\/wp-content\/uploads\/2022\/09\/WhatsApp-Image-2022-09-23-at-14.44.33-768x960.jpeg 768w, https:\/\/viajaresmagico.com\/wp-content\/uploads\/2022\/09\/WhatsApp-Image-2022-09-23-at-14.44.33-1229x1536.jpeg 1229w, https:\/\/viajaresmagico.com\/wp-content\/uploads\/2022\/09\/WhatsApp-Image-2022-09-23-at-14.44.33.jpeg 1280w\" sizes=\"auto, (max-width: 819px) 100vw, 819px\" \/><\/figure>\n<\/div>\n<\/div>\n\n\n\n<h2 class=\"alignwide has-text-align-center has-text-color wp-block-heading\" style=\"color:#171a80;font-size:30px\">                   An\u00edmate a Viajar por el Mundo, siente cada lugar como M\u00e1gico.                                Descubre el Patrimonio Cultural, Gastron\u00f3mico y Natural de tu destino<\/h2>\n\n\n\n\n\n\n\n<div class=\"wp-block-columns is-layout-flex wp-container-core-columns-is-layout-28f84493 wp-block-columns-is-layout-flex\">\n<div class=\"wp-block-column is-layout-flow wp-block-column-is-layout-flow\">\n<figure class=\"wp-block-embed is-type-video is-provider-youtube wp-block-embed-youtube wp-embed-aspect-16-9 wp-has-aspect-ratio\"><div class=\"wp-block-embed__wrapper\">\n<div class=\"ast-oembed-container \" style=\"height: 100%;\"><iframe loading=\"lazy\" title=\"ALICIA En El MUNDO   Jujuy   2009\" width=\"500\" height=\"281\" src=\"https:\/\/www.youtube.com\/embed\/g0nOVEgC3N0?start=2&#038;feature=oembed\" frameborder=\"0\" allow=\"accelerometer; autoplay; clipboard-write; encrypted-media; gyroscope; picture-in-picture; web-share\" referrerpolicy=\"strict-origin-when-cross-origin\" allowfullscreen><\/iframe><\/div>\n<\/div><\/figure>\n<\/div>\n\n\n\n<div class=\"wp-block-column is-layout-flow wp-block-column-is-layout-flow\">\n<figure class=\"wp-block-embed is-type-video is-provider-youtube wp-block-embed-youtube wp-embed-aspect-16-9 wp-has-aspect-ratio\"><div class=\"wp-block-embed__wrapper\">\n<div class=\"ast-oembed-container \" style=\"height: 100%;\"><iframe loading=\"lazy\" title=\"Costa del Este\" width=\"500\" height=\"281\" src=\"https:\/\/www.youtube.com\/embed\/9pG_XvGq-R0?feature=oembed\" frameborder=\"0\" allow=\"accelerometer; autoplay; clipboard-write; encrypted-media; gyroscope; picture-in-picture; web-share\" referrerpolicy=\"strict-origin-when-cross-origin\" allowfullscreen><\/iframe><\/div>\n<\/div><\/figure>\n<\/div>\n\n\n\n<div class=\"wp-block-column is-layout-flow wp-block-column-is-layout-flow\">\n<figure class=\"wp-block-embed is-type-video is-provider-youtube wp-block-embed-youtube wp-embed-aspect-16-9 wp-has-aspect-ratio\"><div class=\"wp-block-embed__wrapper\">\n<div class=\"ast-oembed-container \" style=\"height: 100%;\"><iframe loading=\"lazy\" title=\"ALICIA EN EL MUNDO - Tigre Delta\/ AArgentina (2)   2009\" width=\"500\" height=\"281\" src=\"https:\/\/www.youtube.com\/embed\/NKUIJ4G9bnc?feature=oembed\" frameborder=\"0\" allow=\"accelerometer; autoplay; clipboard-write; encrypted-media; gyroscope; picture-in-picture; web-share\" referrerpolicy=\"strict-origin-when-cross-origin\" allowfullscreen><\/iframe><\/div>\n<\/div><\/figure>\n<\/div>\n<\/div>\n\n\n\n<div class=\"wp-block-columns is-layout-flex wp-container-core-columns-is-layout-28f84493 wp-block-columns-is-layout-flex\">\n<div class=\"wp-block-column is-layout-flow wp-block-column-is-layout-flow\">\n<figure class=\"wp-block-embed is-type-video is-provider-youtube wp-block-embed-youtube wp-embed-aspect-16-9 wp-has-aspect-ratio\"><div class=\"wp-block-embed__wrapper\">\n<div class=\"ast-oembed-container \" style=\"height: 100%;\"><iframe loading=\"lazy\" title=\"Pir\u00e1mides de Teotihuac\u00e1n 5\" width=\"500\" height=\"281\" src=\"https:\/\/www.youtube.com\/embed\/YxWGeFeudFE?feature=oembed\" frameborder=\"0\" allow=\"accelerometer; autoplay; clipboard-write; encrypted-media; gyroscope; picture-in-picture; web-share\" referrerpolicy=\"strict-origin-when-cross-origin\" allowfullscreen><\/iframe><\/div>\n<\/div><\/figure>\n<\/div>\n\n\n\n<div class=\"wp-block-column is-layout-flow wp-block-column-is-layout-flow\">\n<figure class=\"wp-block-embed is-type-video is-provider-youtube wp-block-embed-youtube wp-embed-aspect-16-9 wp-has-aspect-ratio\"><div class=\"wp-block-embed__wrapper\">\n<div class=\"ast-oembed-container \" style=\"height: 100%;\"><iframe loading=\"lazy\" title=\"ALICIA EN El  MUNDO  (260)  Guanajuato \/  M\u00e9xico   3 08 08\" width=\"500\" height=\"281\" src=\"https:\/\/www.youtube.com\/embed\/bYENNmtWj4o?feature=oembed\" frameborder=\"0\" allow=\"accelerometer; autoplay; clipboard-write; encrypted-media; gyroscope; picture-in-picture; web-share\" referrerpolicy=\"strict-origin-when-cross-origin\" allowfullscreen><\/iframe><\/div>\n<\/div><\/figure>\n<\/div>\n\n\n\n<div class=\"wp-block-column is-layout-flow wp-block-column-is-layout-flow\">\n<figure class=\"wp-block-embed is-type-video is-provider-youtube wp-block-embed-youtube wp-embed-aspect-16-9 wp-has-aspect-ratio\"><div class=\"wp-block-embed__wrapper\">\n<div class=\"ast-oembed-container \" style=\"height: 100%;\"><iframe loading=\"lazy\" title=\"Museo Nacional de Historia, Castillo de Chapultepec\" width=\"500\" height=\"281\" src=\"https:\/\/www.youtube.com\/embed\/k2Vk_y15xMI?feature=oembed\" frameborder=\"0\" allow=\"accelerometer; autoplay; clipboard-write; encrypted-media; gyroscope; picture-in-picture; web-share\" referrerpolicy=\"strict-origin-when-cross-origin\" allowfullscreen><\/iframe><\/div>\n<\/div><\/figure>\n<\/div>\n<\/div>\n\n\n\n<div class=\"wp-block-columns is-layout-flex wp-container-core-columns-is-layout-28f84493 wp-block-columns-is-layout-flex\">\n<div class=\"wp-block-column is-layout-flow wp-block-column-is-layout-flow\" style=\"flex-basis:100%\">\n<div class=\"wp-block-columns is-layout-flex wp-container-core-columns-is-layout-28f84493 wp-block-columns-is-layout-flex\">\n<div class=\"wp-block-column is-layout-flow wp-block-column-is-layout-flow\" style=\"flex-basis:100%\">\n<div class=\"wp-block-columns is-layout-flex wp-container-core-columns-is-layout-28f84493 wp-block-columns-is-layout-flex\">\n<div class=\"wp-block-column is-layout-flow wp-block-column-is-layout-flow\">\n<figure class=\"wp-block-image aligncenter size-full is-resized\"><a href=\"https:\/\/www.argentina.gob.ar\/turismoydeportes\" target=\"_blank\" rel=\"noreferrer noopener\"><img loading=\"lazy\" decoding=\"async\" src=\"https:\/\/viajaresmagico.com\/wp-content\/uploads\/2022\/09\/min_turismo_deportes.png\" alt=\"\" class=\"wp-image-215\" width=\"219\" height=\"80\" srcset=\"https:\/\/viajaresmagico.com\/wp-content\/uploads\/2022\/09\/min_turismo_deportes.png 476w, https:\/\/viajaresmagico.com\/wp-content\/uploads\/2022\/09\/min_turismo_deportes-300x111.png 300w\" sizes=\"auto, (max-width: 219px) 100vw, 219px\" \/><\/a><\/figure>\n\n\n\n<figure class=\"wp-block-image aligncenter size-large is-resized\"><a href=\"https:\/\/fit.org.ar\/\" target=\"_blank\" rel=\"noreferrer noopener\"><img loading=\"lazy\" decoding=\"async\" src=\"https:\/\/viajaresmagico.com\/wp-content\/uploads\/2022\/09\/logo-2022-fit-1024x115.jpg\" alt=\"\" class=\"wp-image-331\" width=\"307\" height=\"34\" srcset=\"https:\/\/viajaresmagico.com\/wp-content\/uploads\/2022\/09\/logo-2022-fit-1024x115.jpg 1024w, https:\/\/viajaresmagico.com\/wp-content\/uploads\/2022\/09\/logo-2022-fit-300x34.jpg 300w, https:\/\/viajaresmagico.com\/wp-content\/uploads\/2022\/09\/logo-2022-fit-768x86.jpg 768w, https:\/\/viajaresmagico.com\/wp-content\/uploads\/2022\/09\/logo-2022-fit.jpg 1234w\" sizes=\"auto, (max-width: 307px) 100vw, 307px\" \/><\/a><\/figure>\n<\/div>\n\n\n\n<div class=\"wp-block-column is-layout-flow wp-block-column-is-layout-flow\">\n<figure class=\"wp-block-image aligncenter size-full is-resized\"><a href=\"https:\/\/www.visitmexico.com\/\" target=\"_blank\" rel=\"noreferrer noopener\"><img loading=\"lazy\" decoding=\"async\" src=\"https:\/\/viajaresmagico.com\/wp-content\/uploads\/2022\/09\/visitmexico-hackeo-1024x640-1.jpg\" alt=\"\" class=\"wp-image-214\" width=\"170\" height=\"106\" srcset=\"https:\/\/viajaresmagico.com\/wp-content\/uploads\/2022\/09\/visitmexico-hackeo-1024x640-1.jpg 1024w, https:\/\/viajaresmagico.com\/wp-content\/uploads\/2022\/09\/visitmexico-hackeo-1024x640-1-300x188.jpg 300w, https:\/\/viajaresmagico.com\/wp-content\/uploads\/2022\/09\/visitmexico-hackeo-1024x640-1-768x480.jpg 768w\" sizes=\"auto, (max-width: 170px) 100vw, 170px\" \/><\/a><\/figure>\n\n\n\n<figure class=\"wp-block-image aligncenter size-full is-resized\"><a href=\"https:\/\/www.fehgra.org.ar\/\" target=\"_blank\" rel=\"noreferrer noopener\"><img loading=\"lazy\" decoding=\"async\" src=\"https:\/\/viajaresmagico.com\/wp-content\/uploads\/2022\/09\/FEHGRA.jpg\" alt=\"\" class=\"wp-image-332\" width=\"205\" height=\"74\" srcset=\"https:\/\/viajaresmagico.com\/wp-content\/uploads\/2022\/09\/FEHGRA.jpg 308w, https:\/\/viajaresmagico.com\/wp-content\/uploads\/2022\/09\/FEHGRA-300x108.jpg 300w\" sizes=\"auto, (max-width: 205px) 100vw, 205px\" \/><\/a><\/figure>\n<\/div>\n\n\n\n<div class=\"wp-block-column is-layout-flow wp-block-column-is-layout-flow\">\n<figure class=\"wp-block-image aligncenter size-full is-resized\"><a href=\"https:\/\/www.spain.info\/es\/\" target=\"_blank\" rel=\"noreferrer noopener\"><img loading=\"lazy\" decoding=\"async\" src=\"https:\/\/viajaresmagico.com\/wp-content\/uploads\/2022\/09\/logo_espana_menu.png\" alt=\"\" class=\"wp-image-298\" width=\"102\" height=\"109\"\/><\/a><\/figure>\n\n\n\n<figure class=\"wp-block-image aligncenter size-full is-resized\"><a href=\"https:\/\/www.camaradeturismo.org.ar\/\" target=\"_blank\" rel=\"noreferrer noopener\"><img loading=\"lazy\" decoding=\"async\" src=\"https:\/\/viajaresmagico.com\/wp-content\/uploads\/2022\/09\/logoCat.png\" alt=\"\" class=\"wp-image-333\" width=\"201\" height=\"46\"\/><\/a><\/figure>\n<\/div>\n<\/div>\n<\/div>\n<\/div>\n<\/div>\n<\/div>\n","protected":false},"excerpt":{"rendered":"<p>An\u00edmate a Viajar por el Mundo, siente cada lugar como M\u00e1gico. Descubre el Patrimonio Cultural, Gastron\u00f3mico y Natural de tu destino<\/p>\n","protected":false},"author":1,"featured_media":0,"parent":0,"menu_order":0,"comment_status":"closed","ping_status":"closed","template":"","meta":{"site-sidebar-layout":"default","site-content-layout":"","ast-site-content-layout":"","site-content-style":"default","site-sidebar-style":"default","ast-global-header-display":"","ast-banner-title-visibility":"","ast-main-header-display":"","ast-hfb-above-header-display":"","ast-hfb-below-header-display":"","ast-hfb-mobile-header-display":"","site-post-title":"disabled","ast-breadcrumbs-content":"","ast-featured-img":"","footer-sml-layout":"","theme-transparent-header-meta":"","adv-header-id-meta":"","stick-header-meta":"","header-above-stick-meta":"","header-main-stick-meta":"","header-below-stick-meta":"","astra-migrate-meta-layouts":"default","ast-page-background-enabled":"default","ast-page-background-meta":{"desktop":{"background-color":"var(--ast-global-color-4)","background-image":"","background-repeat":"repeat","background-position":"center center","background-size":"auto","background-attachment":"scroll","background-type":"","background-media":"","overlay-type":"","overlay-color":"","overlay-opacity":"","overlay-gradient":""},"tablet":{"background-color":"","background-image":"","background-repeat":"repeat","background-position":"center center","background-size":"auto","background-attachment":"scroll","background-type":"","background-media":"","overlay-type":"","overlay-color":"","overlay-opacity":"","overlay-gradient":""},"mobile":{"background-color":"","background-image":"","background-repeat":"repeat","background-position":"center center","background-size":"auto","background-attachment":"scroll","background-type":"","background-media":"","overlay-type":"","overlay-color":"","overlay-opacity":"","overlay-gradient":""}},"ast-content-background-meta":{"desktop":{"background-color":"var(--ast-global-color-5)","background-image":"","background-repeat":"repeat","background-position":"center center","background-size":"auto","background-attachment":"scroll","background-type":"","background-media":"","overlay-type":"","overlay-color":"","overlay-opacity":"","overlay-gradient":""},"tablet":{"background-color":"var(--ast-global-color-5)","background-image":"","background-repeat":"repeat","background-position":"center center","background-size":"auto","background-attachment":"scroll","background-type":"","background-media":"","overlay-type":"","overlay-color":"","overlay-opacity":"","overlay-gradient":""},"mobile":{"background-color":"var(--ast-global-color-5)","background-image":"","background-repeat":"repeat","background-position":"center center","background-size":"auto","background-attachment":"scroll","background-type":"","background-media":"","overlay-type":"","overlay-color":"","overlay-opacity":"","overlay-gradient":""}},"footnotes":""},"class_list":["post-236","page","type-page","status-publish","hentry"],"_links":{"self":[{"href":"https:\/\/viajaresmagico.com\/index.php\/wp-json\/wp\/v2\/pages\/236","targetHints":{"allow":["GET"]}}],"collection":[{"href":"https:\/\/viajaresmagico.com\/index.php\/wp-json\/wp\/v2\/pages"}],"about":[{"href":"https:\/\/viajaresmagico.com\/index.php\/wp-json\/wp\/v2\/types\/page"}],"author":[{"embeddable":true,"href":"https:\/\/viajaresmagico.com\/index.php\/wp-json\/wp\/v2\/users\/1"}],"replies":[{"embeddable":true,"href":"https:\/\/viajaresmagico.com\/index.php\/wp-json\/wp\/v2\/comments?post=236"}],"version-history":[{"count":16,"href":"https:\/\/viajaresmagico.com\/index.php\/wp-json\/wp\/v2\/pages\/236\/revisions"}],"predecessor-version":[{"id":470,"href":"https:\/\/viajaresmagico.com\/index.php\/wp-json\/wp\/v2\/pages\/236\/revisions\/470"}],"wp:attachment":[{"href":"https:\/\/viajaresmagico.com\/index.php\/wp-json\/wp\/v2\/media?parent=236"}],"curies":[{"name":"wp","href":"https:\/\/api.w.org\/{rel}","templated":true}]}}